{"id":2415,"date":"2021-05-11T08:31:32","date_gmt":"2021-05-11T08:31:32","guid":{"rendered":"https:\/\/plastar.ee\/meist\/"},"modified":"2026-04-10T12:29:59","modified_gmt":"2026-04-10T09:29:59","slug":"om-oss","status":"publish","type":"page","link":"https:\/\/plastar.ee\/sv\/om-oss\/","title":{"rendered":"Om oss"},"content":{"rendered":"<!DOCTYPE html PUBLIC \"-\/\/W3C\/\/DTD HTML 4.0 Transitional\/\/EN\" \"http:\/\/www.w3.org\/TR\/REC-html40\/loose.dtd\">\n<html><body><div style=\"height:124px\" aria-hidden=\"true\" class=\"wp-block-spacer\"><\/div>\n\n\n\n<div class=\"wp-block-columns custom-columns is-layout-flex wp-container-core-columns-is-layout-9d6595d7 wp-block-columns-is-layout-flex\">\n<div class=\"wp-block-column is-layout-flow wp-block-column-is-layout-flow\">\n<div class=\"wp-block-image rounded f-14\">\n    <figure class=\"aligncenter size-large\">\n        <div id=\"co2\"><\/div>\n        <figcaption>8%  MINDRE KOLAVTRYCK<br>(2024 vs 2020)<\/figcaption>\n    <\/figure>\n<\/div>\n<\/div>\n\n\n\n<div class=\"wp-block-column is-layout-flow wp-block-column-is-layout-flow\">\n<div class=\"wp-block-image rounded f-14\">\n    <figure class=\"aligncenter size-large\">\n\n        <div id=\"ethous\"><\/div>\n        <figcaption>11 600 M<sup>2<\/sup> LAGER- &amp;<br>PRODUKTIONSYTA<\/figcaption>\n    <\/figure>\n<\/div>\n<\/div>\n\n\n\n<div class=\"wp-block-column is-layout-flow wp-block-column-is-layout-flow\">\n<div class=\"wp-block-image rounded f-14\">\n    <figure class=\"aligncenter size-large\">\n        <div id=\"twenty\"><\/div>\n        <figcaption>INL&Auml;MNANDE &amp; SP&Aring;RBARHET<br> AV ORDER 24\/7<\/figcaption>\n    <\/figure>\n<\/div>\n<\/div>\n\n\n\n<div class=\"wp-block-column is-layout-flow wp-block-column-is-layout-flow\">\n<div class=\"wp-block-image rounded f-14\">\n    <figure class=\"aligncenter size-large\">\n        <div id=\"eur\"><\/div>\n        <figcaption>OMS&Auml;TTNING 48,2 MN EURO (2025)<\/figcaption>\n    <\/figure>\n<\/div>\n<\/div>\n\n\n\n<div class=\"wp-block-column is-layout-flow wp-block-column-is-layout-flow\">\n<div class=\"wp-block-image rounded f-14\">\r\n    <figure class=\"aligncenter size-large\">\r\n        <div id=\"thundred\"><\/div>\r\n        <figcaption>350+ KUNDER F&Aring;R<br>UTM&Auml;RKT SERVICE<\/figcaption>\r\n    <\/figure>\r\n<\/div>\n<\/div>\n\n\n\n<div class=\"wp-block-column is-layout-flow wp-block-column-is-layout-flow\">\n<div class=\"wp-block-image rounded f-14\">\n    <figure class=\"aligncenter size-large\">\n        <div id=\"tuhplus\"><\/div>  \n        <figcaption>8.1% MINSKNING AV<br>V&Auml;XTHUSGASUTSL&Auml;PPEN<br>(2024 vs 2020)<\/figcaption>\n    <\/figure>\n<\/div>\n<\/div>\n\n\n\n<div class=\"wp-block-column is-layout-flow wp-block-column-is-layout-flow\">\n<div class=\"wp-block-image rounded f-14\">\n    <figure class=\"aligncenter size-large\">\n        <div id=\"year\"><\/div>\n        <figcaption>108 &Aring;R AV ERFARENHET &amp;<br>KUNSKAPER<\/figcaption>\n    <\/figure>\n<\/div>\n<\/div>\n\n\n\n<div class=\"wp-block-column is-layout-flow wp-block-column-is-layout-flow\">\n<div class=\"wp-block-image rounded f-14\">\r\n    <figure class=\"aligncenter size-large\">\r\n\r\n        <div id=\"thirty\"><\/div>\r\n        <figcaption>30+ MARKNADER<\/figcaption>\r\n    <\/figure>\r\n<\/div>\n<\/div>\n\n\n\n<div class=\"wp-block-column is-layout-flow wp-block-column-is-layout-flow\">\n<div class=\"wp-block-image rounded f-14\">\n    <figure class=\"aligncenter size-large\">\n\n        <div id=\"hundred\"><\/div>\n        <figcaption>210+ ANST&Auml;LLDA<\/figcaption>\n    <\/figure>\n<\/div>\n<\/div>\n<\/div>\n\n\n\n<div style=\"height:40px\" aria-hidden=\"true\" class=\"wp-block-spacer\"><\/div>\n\n\n\n<h2 class=\"wp-block-heading\" id=\"sertifikaadid\">Certifikat<\/h2>\n\n\n\n<p>Kvalitetsledningen tillsammans med milj&ouml;skydd, socialt ansvarstagande och hygienkrav utg&aring;r fr&aring;n internationella standarder, den g&auml;llande lagstiftningen och v&aring;ra kunders h&ouml;ga krav. H&ouml;ga kvalitetskrav g&auml;ller b&aring;de f&ouml;r produkter avsedda f&ouml;r livsmedelskontakt och f&ouml;r &ouml;vriga produkter. Kravefterlevnaden revideras kontinuerligt av certifieringsf&ouml;retaget, kunderna och partners. <\/p>\n\n\n\n<p>F&ouml;r att bli leverant&ouml;r av f&ouml;rpackningsmaterial och uppr&auml;tth&aring;lla en god f&ouml;rtroenderelation beh&ouml;ver vi s&auml;kerst&auml;lla att de produkter och tj&auml;nster som tillhandah&aring;lls kunderna h&aring;ller en stabil h&ouml;g kvalitet.<\/p>\n\n\n\n<p><a href=\"https:\/\/plastar.ee\/sv\/nyhet\/fsc-certifiering\/\">FSC-certifierade alternativ<\/a> &auml;r tillg&auml;ngliga f&ouml;r utvalda produkter, endast efter f&ouml;rfr&aring;gan.<\/p>\n\n\n\n<div style=\"height:50px\" aria-hidden=\"true\" class=\"wp-block-spacer\"><\/div>\n<\/body><\/html>\n","protected":false},"excerpt":{"rendered":"<p>8% MINDRE KOLAVTRYCK(2024 vs 2020) 11 600 M2 LAGER- &amp;PRODUKTIONSYTA INL&Auml;MNANDE &amp; SP&Aring;RBARHET AV ORDER 24\/7 OMS&Auml;TTNING 48,2 MN EURO (2025) 350+ KUNDER F&Aring;RUTM&Auml;RKT SERVICE 8.1% MINSKNING AVV&Auml;XTHUSGASUTSL&Auml;PPEN(2024 vs 2020) 108 &Aring;R AV ERFARENHET &amp;KUNSKAPER 30+ MARKNADER 210+ ANST&Auml;LLDA Certifikat Kvalitetsledningen tillsammans med milj&ouml;skydd, socialt ansvarstagande och hygienkrav utg&aring;r fr&aring;n internationella standarder, den g&auml;llande lagstiftningen [&hellip;]<\/p>\n","protected":false},"author":3,"featured_media":2204,"parent":0,"menu_order":6,"comment_status":"closed","ping_status":"closed","template":"page_meist.php","meta":{"_acf_changed":false,"footnotes":""},"class_list":["post-2415","page","type-page","status-publish","has-post-thumbnail","hentry"],"acf":[],"yoast_head":"<!-- This site is optimized with the Yoast SEO plugin v27.4 - https:\/\/yoast.com\/product\/yoast-seo-wordpress\/ -->\n<title>Om oss | Estiko Packaging Solutions<\/title>\n<meta name=\"description\" content=\"Estiko Packaging Solutions \u00e4r h\u00f6rnstenen i Estiko Group. V\u00e5r historik g\u00e5r tillbaka till 1918 d\u00e5 Albert Laretei grundade en kamfabrik i Tartu. Under sina 100 \u00e5r har f\u00f6retaget satsat p\u00e5 produkt-, teknik-och organisationsutveckling och \u00e4r idag en innovativ f\u00f6rpackningstillverkare.\" \/>\n<meta name=\"robots\" content=\"index, follow, max-snippet:-1, max-image-preview:large, max-video-preview:-1\" \/>\n<link rel=\"canonical\" href=\"https:\/\/plastar.ee\/sv\/om-oss\/\" \/>\n<meta property=\"og:locale\" content=\"sv_SE\" \/>\n<meta property=\"og:type\" content=\"article\" \/>\n<meta property=\"og:title\" content=\"Om oss | Estiko Packaging Solutions\" \/>\n<meta property=\"og:description\" content=\"Estiko Packaging Solutions \u00e4r h\u00f6rnstenen i Estiko Group. V\u00e5r historik g\u00e5r tillbaka till 1918 d\u00e5 Albert Laretei grundade en kamfabrik i Tartu. Under sina 100 \u00e5r har f\u00f6retaget satsat p\u00e5 produkt-, teknik-och organisationsutveckling och \u00e4r idag en innovativ f\u00f6rpackningstillverkare.\" \/>\n<meta property=\"og:url\" content=\"https:\/\/plastar.ee\/sv\/om-oss\/\" \/>\n<meta property=\"og:site_name\" content=\"Estiko Packaging Solutions\" \/>\n<meta property=\"article:publisher\" content=\"https:\/\/www.facebook.com\/EstikoPlastar\" \/>\n<meta property=\"article:modified_time\" content=\"2026-04-10T09:29:59+00:00\" \/>\n<meta property=\"og:image\" content=\"https:\/\/plastar.ee\/wp-content\/uploads\/2021\/09\/roheline-pakenditootmine-estiko-plastaris-scaled.jpg\" \/>\n\t<meta property=\"og:image:width\" content=\"2560\" \/>\n\t<meta property=\"og:image:height\" content=\"1707\" \/>\n\t<meta property=\"og:image:type\" content=\"image\/jpeg\" \/>\n<meta name=\"twitter:card\" content=\"summary_large_image\" \/>\n<meta name=\"twitter:label1\" content=\"Ber\u00e4knad l\u00e4stid\" \/>\n\t<meta name=\"twitter:data1\" content=\"1 minut\" \/>\n<script type=\"application\/ld+json\" class=\"yoast-schema-graph\">{\"@context\":\"https:\\\/\\\/schema.org\",\"@graph\":[{\"@type\":\"WebPage\",\"@id\":\"https:\\\/\\\/plastar.ee\\\/sv\\\/om-oss\\\/\",\"url\":\"https:\\\/\\\/plastar.ee\\\/sv\\\/om-oss\\\/\",\"name\":\"Om oss | Estiko Packaging Solutions\",\"isPartOf\":{\"@id\":\"https:\\\/\\\/plastar.ee\\\/sv\\\/#website\"},\"primaryImageOfPage\":{\"@id\":\"https:\\\/\\\/plastar.ee\\\/sv\\\/om-oss\\\/#primaryimage\"},\"image\":{\"@id\":\"https:\\\/\\\/plastar.ee\\\/sv\\\/om-oss\\\/#primaryimage\"},\"thumbnailUrl\":\"https:\\\/\\\/plastar.ee\\\/wp-content\\\/uploads\\\/2021\\\/09\\\/roheline-pakenditootmine-estiko-plastaris-scaled.jpg\",\"datePublished\":\"2021-05-11T08:31:32+00:00\",\"dateModified\":\"2026-04-10T09:29:59+00:00\",\"description\":\"Estiko Packaging Solutions \u00e4r h\u00f6rnstenen i Estiko Group. V\u00e5r historik g\u00e5r tillbaka till 1918 d\u00e5 Albert Laretei grundade en kamfabrik i Tartu. Under sina 100 \u00e5r har f\u00f6retaget satsat p\u00e5 produkt-, teknik-och organisationsutveckling och \u00e4r idag en innovativ f\u00f6rpackningstillverkare.\",\"inLanguage\":\"sv-SE\",\"potentialAction\":[{\"@type\":\"ReadAction\",\"target\":[\"https:\\\/\\\/plastar.ee\\\/sv\\\/om-oss\\\/\"]}]},{\"@type\":\"ImageObject\",\"inLanguage\":\"sv-SE\",\"@id\":\"https:\\\/\\\/plastar.ee\\\/sv\\\/om-oss\\\/#primaryimage\",\"url\":\"https:\\\/\\\/plastar.ee\\\/wp-content\\\/uploads\\\/2021\\\/09\\\/roheline-pakenditootmine-estiko-plastaris-scaled.jpg\",\"contentUrl\":\"https:\\\/\\\/plastar.ee\\\/wp-content\\\/uploads\\\/2021\\\/09\\\/roheline-pakenditootmine-estiko-plastaris-scaled.jpg\",\"width\":2560,\"height\":1707,\"caption\":\"Roheline pakenditootmine Estiko-Plastaris\"},{\"@type\":\"WebSite\",\"@id\":\"https:\\\/\\\/plastar.ee\\\/sv\\\/#website\",\"url\":\"https:\\\/\\\/plastar.ee\\\/sv\\\/\",\"name\":\"Estiko Packaging Solutions\",\"description\":\"Kindel partner pakendilahendustes\",\"publisher\":{\"@id\":\"https:\\\/\\\/plastar.ee\\\/sv\\\/#organization\"},\"potentialAction\":[{\"@type\":\"SearchAction\",\"target\":{\"@type\":\"EntryPoint\",\"urlTemplate\":\"https:\\\/\\\/plastar.ee\\\/sv\\\/?s={search_term_string}\"},\"query-input\":{\"@type\":\"PropertyValueSpecification\",\"valueRequired\":true,\"valueName\":\"search_term_string\"}}],\"inLanguage\":\"sv-SE\"},{\"@type\":\"Organization\",\"@id\":\"https:\\\/\\\/plastar.ee\\\/sv\\\/#organization\",\"name\":\"Estiko Packaging Solutions\",\"url\":\"https:\\\/\\\/plastar.ee\\\/sv\\\/\",\"logo\":{\"@type\":\"ImageObject\",\"inLanguage\":\"sv-SE\",\"@id\":\"https:\\\/\\\/plastar.ee\\\/sv\\\/#\\\/schema\\\/logo\\\/image\\\/\",\"url\":\"https:\\\/\\\/plastar.ee\\\/wp-content\\\/uploads\\\/2023\\\/11\\\/Estiko-Plastar_logo_03.svg\",\"contentUrl\":\"https:\\\/\\\/plastar.ee\\\/wp-content\\\/uploads\\\/2023\\\/11\\\/Estiko-Plastar_logo_03.svg\",\"width\":475,\"height\":165,\"caption\":\"Estiko Packaging Solutions\"},\"image\":{\"@id\":\"https:\\\/\\\/plastar.ee\\\/sv\\\/#\\\/schema\\\/logo\\\/image\\\/\"},\"sameAs\":[\"https:\\\/\\\/www.facebook.com\\\/EstikoPlastar\",\"https:\\\/\\\/www.linkedin.com\\\/company\\\/estiko-plastar-as\",\"https:\\\/\\\/www.youtube.com\\\/channel\\\/UCbI4N1FRv14oZqm-OYSsn3A\",\"https:\\\/\\\/www.instagram.com\\\/estikopackaging\\\/\"]}]}<\/script>\n<!-- \/ Yoast SEO plugin. -->","yoast_head_json":{"title":"Om oss | Estiko Packaging Solutions","description":"Estiko Packaging Solutions \u00e4r h\u00f6rnstenen i Estiko Group. V\u00e5r historik g\u00e5r tillbaka till 1918 d\u00e5 Albert Laretei grundade en kamfabrik i Tartu. Under sina 100 \u00e5r har f\u00f6retaget satsat p\u00e5 produkt-, teknik-och organisationsutveckling och \u00e4r idag en innovativ f\u00f6rpackningstillverkare.","robots":{"index":"index","follow":"follow","max-snippet":"max-snippet:-1","max-image-preview":"max-image-preview:large","max-video-preview":"max-video-preview:-1"},"canonical":"https:\/\/plastar.ee\/sv\/om-oss\/","og_locale":"sv_SE","og_type":"article","og_title":"Om oss | Estiko Packaging Solutions","og_description":"Estiko Packaging Solutions \u00e4r h\u00f6rnstenen i Estiko Group. V\u00e5r historik g\u00e5r tillbaka till 1918 d\u00e5 Albert Laretei grundade en kamfabrik i Tartu. Under sina 100 \u00e5r har f\u00f6retaget satsat p\u00e5 produkt-, teknik-och organisationsutveckling och \u00e4r idag en innovativ f\u00f6rpackningstillverkare.","og_url":"https:\/\/plastar.ee\/sv\/om-oss\/","og_site_name":"Estiko Packaging Solutions","article_publisher":"https:\/\/www.facebook.com\/EstikoPlastar","article_modified_time":"2026-04-10T09:29:59+00:00","og_image":[{"width":2560,"height":1707,"url":"https:\/\/plastar.ee\/wp-content\/uploads\/2021\/09\/roheline-pakenditootmine-estiko-plastaris-scaled.jpg","type":"image\/jpeg"}],"twitter_card":"summary_large_image","twitter_misc":{"Ber\u00e4knad l\u00e4stid":"1 minut"},"schema":{"@context":"https:\/\/schema.org","@graph":[{"@type":"WebPage","@id":"https:\/\/plastar.ee\/sv\/om-oss\/","url":"https:\/\/plastar.ee\/sv\/om-oss\/","name":"Om oss | Estiko Packaging Solutions","isPartOf":{"@id":"https:\/\/plastar.ee\/sv\/#website"},"primaryImageOfPage":{"@id":"https:\/\/plastar.ee\/sv\/om-oss\/#primaryimage"},"image":{"@id":"https:\/\/plastar.ee\/sv\/om-oss\/#primaryimage"},"thumbnailUrl":"https:\/\/plastar.ee\/wp-content\/uploads\/2021\/09\/roheline-pakenditootmine-estiko-plastaris-scaled.jpg","datePublished":"2021-05-11T08:31:32+00:00","dateModified":"2026-04-10T09:29:59+00:00","description":"Estiko Packaging Solutions \u00e4r h\u00f6rnstenen i Estiko Group. V\u00e5r historik g\u00e5r tillbaka till 1918 d\u00e5 Albert Laretei grundade en kamfabrik i Tartu. Under sina 100 \u00e5r har f\u00f6retaget satsat p\u00e5 produkt-, teknik-och organisationsutveckling och \u00e4r idag en innovativ f\u00f6rpackningstillverkare.","inLanguage":"sv-SE","potentialAction":[{"@type":"ReadAction","target":["https:\/\/plastar.ee\/sv\/om-oss\/"]}]},{"@type":"ImageObject","inLanguage":"sv-SE","@id":"https:\/\/plastar.ee\/sv\/om-oss\/#primaryimage","url":"https:\/\/plastar.ee\/wp-content\/uploads\/2021\/09\/roheline-pakenditootmine-estiko-plastaris-scaled.jpg","contentUrl":"https:\/\/plastar.ee\/wp-content\/uploads\/2021\/09\/roheline-pakenditootmine-estiko-plastaris-scaled.jpg","width":2560,"height":1707,"caption":"Roheline pakenditootmine Estiko-Plastaris"},{"@type":"WebSite","@id":"https:\/\/plastar.ee\/sv\/#website","url":"https:\/\/plastar.ee\/sv\/","name":"Estiko Packaging Solutions","description":"Kindel partner pakendilahendustes","publisher":{"@id":"https:\/\/plastar.ee\/sv\/#organization"},"potentialAction":[{"@type":"SearchAction","target":{"@type":"EntryPoint","urlTemplate":"https:\/\/plastar.ee\/sv\/?s={search_term_string}"},"query-input":{"@type":"PropertyValueSpecification","valueRequired":true,"valueName":"search_term_string"}}],"inLanguage":"sv-SE"},{"@type":"Organization","@id":"https:\/\/plastar.ee\/sv\/#organization","name":"Estiko Packaging Solutions","url":"https:\/\/plastar.ee\/sv\/","logo":{"@type":"ImageObject","inLanguage":"sv-SE","@id":"https:\/\/plastar.ee\/sv\/#\/schema\/logo\/image\/","url":"https:\/\/plastar.ee\/wp-content\/uploads\/2023\/11\/Estiko-Plastar_logo_03.svg","contentUrl":"https:\/\/plastar.ee\/wp-content\/uploads\/2023\/11\/Estiko-Plastar_logo_03.svg","width":475,"height":165,"caption":"Estiko Packaging Solutions"},"image":{"@id":"https:\/\/plastar.ee\/sv\/#\/schema\/logo\/image\/"},"sameAs":["https:\/\/www.facebook.com\/EstikoPlastar","https:\/\/www.linkedin.com\/company\/estiko-plastar-as","https:\/\/www.youtube.com\/channel\/UCbI4N1FRv14oZqm-OYSsn3A","https:\/\/www.instagram.com\/estikopackaging\/"]}]}},"_links":{"self":[{"href":"https:\/\/plastar.ee\/sv\/wp-json\/wp\/v2\/pages\/2415","targetHints":{"allow":["GET"]}}],"collection":[{"href":"https:\/\/plastar.ee\/sv\/wp-json\/wp\/v2\/pages"}],"about":[{"href":"https:\/\/plastar.ee\/sv\/wp-json\/wp\/v2\/types\/page"}],"author":[{"embeddable":true,"href":"https:\/\/plastar.ee\/sv\/wp-json\/wp\/v2\/users\/3"}],"replies":[{"embeddable":true,"href":"https:\/\/plastar.ee\/sv\/wp-json\/wp\/v2\/comments?post=2415"}],"version-history":[{"count":12,"href":"https:\/\/plastar.ee\/sv\/wp-json\/wp\/v2\/pages\/2415\/revisions"}],"predecessor-version":[{"id":7315,"href":"https:\/\/plastar.ee\/sv\/wp-json\/wp\/v2\/pages\/2415\/revisions\/7315"}],"wp:featuredmedia":[{"embeddable":true,"href":"https:\/\/plastar.ee\/sv\/wp-json\/wp\/v2\/media\/2204"}],"wp:attachment":[{"href":"https:\/\/plastar.ee\/sv\/wp-json\/wp\/v2\/media?parent=2415"}],"curies":[{"name":"wp","href":"https:\/\/api.w.org\/{rel}","templated":true}]}}