{"id":2423,"date":"2021-05-11T08:30:45","date_gmt":"2021-05-11T08:30:45","guid":{"rendered":"https:\/\/plastar.ee\/tooted\/"},"modified":"2022-04-04T07:53:39","modified_gmt":"2022-04-04T07:53:39","slug":"produkter","status":"publish","type":"page","link":"https:\/\/plastar.ee\/sv\/produkter\/","title":{"rendered":"Produkter"},"content":{"rendered":"<!DOCTYPE html PUBLIC \"-\/\/W3C\/\/DTD HTML 4.0 Transitional\/\/EN\" \"http:\/\/www.w3.org\/TR\/REC-html40\/loose.dtd\">\n<html><body><p>Som en ledande f&ouml;rpackningstillverkare i de baltiska l&auml;nderna erbjuder vi ett brett urval av olika f&ouml;rpackningsl&ouml;sningar, bland annat f&ouml;rpackningar med merv&auml;rde f&ouml;r livsmedel, drycker, industri-, hygien- och sk&ouml;nhetsprodukter. Vi fokuserar allt mer p&aring; h&aring;llbara och milj&ouml;v&auml;nliga l&ouml;sningar f&ouml;r att bevara v&aring;r livsmilj&ouml; och hj&auml;lpa v&aring;ra samarbetspartners och kunder att g&ouml;ra detsamma.<\/p>\n<\/body><\/html>\n","protected":false},"excerpt":{"rendered":"<p>Som en ledande f&ouml;rpackningstillverkare i de baltiska l&auml;nderna erbjuder vi ett brett urval av olika f&ouml;rpackningsl&ouml;sningar, bland annat f&ouml;rpackningar med merv&auml;rde f&ouml;r livsmedel, drycker, industri-, hygien- och sk&ouml;nhetsprodukter. Vi fokuserar allt mer p&aring; h&aring;llbara och milj&ouml;v&auml;nliga l&ouml;sningar f&ouml;r att bevara v&aring;r livsmilj&ouml; och hj&auml;lpa v&aring;ra samarbetspartners och kunder att g&ouml;ra detsamma.<\/p>\n","protected":false},"author":3,"featured_media":3425,"parent":0,"menu_order":9,"comment_status":"closed","ping_status":"closed","template":"page_tooted-1.php","meta":{"_acf_changed":false,"footnotes":""},"class_list":["post-2423","page","type-page","status-publish","has-post-thumbnail","hentry"],"acf":[],"yoast_head":"<!-- This site is optimized with the Yoast SEO plugin v27.4 - https:\/\/yoast.com\/product\/yoast-seo-wordpress\/ -->\n<title>Produkter | Estiko Packaging Solutions<\/title>\n<meta name=\"description\" content=\"Som en ledande f\u00f6rpackningstillverkare erbjuder vi ett brett urval av olika f\u00f6rpackningsl\u00f6sningar, bland annat f\u00f6rpackningar med merv\u00e4rde f\u00f6r livsmedel och industriprodukter.\" \/>\n<meta name=\"robots\" content=\"index, follow, max-snippet:-1, max-image-preview:large, max-video-preview:-1\" \/>\n<link rel=\"canonical\" href=\"https:\/\/plastar.ee\/sv\/produkter\/\" \/>\n<meta property=\"og:locale\" content=\"sv_SE\" \/>\n<meta property=\"og:type\" content=\"article\" \/>\n<meta property=\"og:title\" content=\"Produkter | Estiko Packaging Solutions\" \/>\n<meta property=\"og:description\" content=\"Som en ledande f\u00f6rpackningstillverkare erbjuder vi ett brett urval av olika f\u00f6rpackningsl\u00f6sningar, bland annat f\u00f6rpackningar med merv\u00e4rde f\u00f6r livsmedel och industriprodukter.\" \/>\n<meta property=\"og:url\" content=\"https:\/\/plastar.ee\/sv\/produkter\/\" \/>\n<meta property=\"og:site_name\" content=\"Estiko Packaging Solutions\" \/>\n<meta property=\"article:publisher\" content=\"https:\/\/www.facebook.com\/EstikoPlastar\" \/>\n<meta property=\"article:modified_time\" content=\"2022-04-04T07:53:39+00:00\" \/>\n<meta property=\"og:image\" content=\"https:\/\/plastar.ee\/wp-content\/uploads\/2022\/03\/Welding_Plastar-scaled.jpg\" \/>\n\t<meta property=\"og:image:width\" content=\"2560\" \/>\n\t<meta property=\"og:image:height\" content=\"1703\" \/>\n\t<meta property=\"og:image:type\" content=\"image\/jpeg\" \/>\n<meta name=\"twitter:card\" content=\"summary_large_image\" \/>\n<meta name=\"twitter:label1\" content=\"Ber\u00e4knad l\u00e4stid\" \/>\n\t<meta name=\"twitter:data1\" content=\"1 minut\" \/>\n<script type=\"application\/ld+json\" class=\"yoast-schema-graph\">{\"@context\":\"https:\\\/\\\/schema.org\",\"@graph\":[{\"@type\":\"WebPage\",\"@id\":\"https:\\\/\\\/plastar.ee\\\/sv\\\/produkter\\\/\",\"url\":\"https:\\\/\\\/plastar.ee\\\/sv\\\/produkter\\\/\",\"name\":\"Produkter | Estiko Packaging Solutions\",\"isPartOf\":{\"@id\":\"https:\\\/\\\/plastar.ee\\\/sv\\\/#website\"},\"primaryImageOfPage\":{\"@id\":\"https:\\\/\\\/plastar.ee\\\/sv\\\/produkter\\\/#primaryimage\"},\"image\":{\"@id\":\"https:\\\/\\\/plastar.ee\\\/sv\\\/produkter\\\/#primaryimage\"},\"thumbnailUrl\":\"https:\\\/\\\/plastar.ee\\\/wp-content\\\/uploads\\\/2022\\\/03\\\/Welding_Plastar-scaled.jpg\",\"datePublished\":\"2021-05-11T08:30:45+00:00\",\"dateModified\":\"2022-04-04T07:53:39+00:00\",\"description\":\"Som en ledande f\u00f6rpackningstillverkare erbjuder vi ett brett urval av olika f\u00f6rpackningsl\u00f6sningar, bland annat f\u00f6rpackningar med merv\u00e4rde f\u00f6r livsmedel och industriprodukter.\",\"inLanguage\":\"sv-SE\",\"potentialAction\":[{\"@type\":\"ReadAction\",\"target\":[\"https:\\\/\\\/plastar.ee\\\/sv\\\/produkter\\\/\"]}]},{\"@type\":\"ImageObject\",\"inLanguage\":\"sv-SE\",\"@id\":\"https:\\\/\\\/plastar.ee\\\/sv\\\/produkter\\\/#primaryimage\",\"url\":\"https:\\\/\\\/plastar.ee\\\/wp-content\\\/uploads\\\/2022\\\/03\\\/Welding_Plastar-scaled.jpg\",\"contentUrl\":\"https:\\\/\\\/plastar.ee\\\/wp-content\\\/uploads\\\/2022\\\/03\\\/Welding_Plastar-scaled.jpg\",\"width\":2560,\"height\":1703},{\"@type\":\"WebSite\",\"@id\":\"https:\\\/\\\/plastar.ee\\\/sv\\\/#website\",\"url\":\"https:\\\/\\\/plastar.ee\\\/sv\\\/\",\"name\":\"Estiko Packaging Solutions\",\"description\":\"Kindel partner pakendilahendustes\",\"publisher\":{\"@id\":\"https:\\\/\\\/plastar.ee\\\/sv\\\/#organization\"},\"potentialAction\":[{\"@type\":\"SearchAction\",\"target\":{\"@type\":\"EntryPoint\",\"urlTemplate\":\"https:\\\/\\\/plastar.ee\\\/sv\\\/?s={search_term_string}\"},\"query-input\":{\"@type\":\"PropertyValueSpecification\",\"valueRequired\":true,\"valueName\":\"search_term_string\"}}],\"inLanguage\":\"sv-SE\"},{\"@type\":\"Organization\",\"@id\":\"https:\\\/\\\/plastar.ee\\\/sv\\\/#organization\",\"name\":\"Estiko Packaging Solutions\",\"url\":\"https:\\\/\\\/plastar.ee\\\/sv\\\/\",\"logo\":{\"@type\":\"ImageObject\",\"inLanguage\":\"sv-SE\",\"@id\":\"https:\\\/\\\/plastar.ee\\\/sv\\\/#\\\/schema\\\/logo\\\/image\\\/\",\"url\":\"https:\\\/\\\/plastar.ee\\\/wp-content\\\/uploads\\\/2023\\\/11\\\/Estiko-Plastar_logo_03.svg\",\"contentUrl\":\"https:\\\/\\\/plastar.ee\\\/wp-content\\\/uploads\\\/2023\\\/11\\\/Estiko-Plastar_logo_03.svg\",\"width\":475,\"height\":165,\"caption\":\"Estiko Packaging Solutions\"},\"image\":{\"@id\":\"https:\\\/\\\/plastar.ee\\\/sv\\\/#\\\/schema\\\/logo\\\/image\\\/\"},\"sameAs\":[\"https:\\\/\\\/www.facebook.com\\\/EstikoPlastar\",\"https:\\\/\\\/www.linkedin.com\\\/company\\\/estiko-plastar-as\",\"https:\\\/\\\/www.youtube.com\\\/channel\\\/UCbI4N1FRv14oZqm-OYSsn3A\",\"https:\\\/\\\/www.instagram.com\\\/estikopackaging\\\/\"]}]}<\/script>\n<!-- \/ Yoast SEO plugin. -->","yoast_head_json":{"title":"Produkter | Estiko Packaging Solutions","description":"Som en ledande f\u00f6rpackningstillverkare erbjuder vi ett brett urval av olika f\u00f6rpackningsl\u00f6sningar, bland annat f\u00f6rpackningar med merv\u00e4rde f\u00f6r livsmedel och industriprodukter.","robots":{"index":"index","follow":"follow","max-snippet":"max-snippet:-1","max-image-preview":"max-image-preview:large","max-video-preview":"max-video-preview:-1"},"canonical":"https:\/\/plastar.ee\/sv\/produkter\/","og_locale":"sv_SE","og_type":"article","og_title":"Produkter | Estiko Packaging Solutions","og_description":"Som en ledande f\u00f6rpackningstillverkare erbjuder vi ett brett urval av olika f\u00f6rpackningsl\u00f6sningar, bland annat f\u00f6rpackningar med merv\u00e4rde f\u00f6r livsmedel och industriprodukter.","og_url":"https:\/\/plastar.ee\/sv\/produkter\/","og_site_name":"Estiko Packaging Solutions","article_publisher":"https:\/\/www.facebook.com\/EstikoPlastar","article_modified_time":"2022-04-04T07:53:39+00:00","og_image":[{"width":2560,"height":1703,"url":"https:\/\/plastar.ee\/wp-content\/uploads\/2022\/03\/Welding_Plastar-scaled.jpg","type":"image\/jpeg"}],"twitter_card":"summary_large_image","twitter_misc":{"Ber\u00e4knad l\u00e4stid":"1 minut"},"schema":{"@context":"https:\/\/schema.org","@graph":[{"@type":"WebPage","@id":"https:\/\/plastar.ee\/sv\/produkter\/","url":"https:\/\/plastar.ee\/sv\/produkter\/","name":"Produkter | Estiko Packaging Solutions","isPartOf":{"@id":"https:\/\/plastar.ee\/sv\/#website"},"primaryImageOfPage":{"@id":"https:\/\/plastar.ee\/sv\/produkter\/#primaryimage"},"image":{"@id":"https:\/\/plastar.ee\/sv\/produkter\/#primaryimage"},"thumbnailUrl":"https:\/\/plastar.ee\/wp-content\/uploads\/2022\/03\/Welding_Plastar-scaled.jpg","datePublished":"2021-05-11T08:30:45+00:00","dateModified":"2022-04-04T07:53:39+00:00","description":"Som en ledande f\u00f6rpackningstillverkare erbjuder vi ett brett urval av olika f\u00f6rpackningsl\u00f6sningar, bland annat f\u00f6rpackningar med merv\u00e4rde f\u00f6r livsmedel och industriprodukter.","inLanguage":"sv-SE","potentialAction":[{"@type":"ReadAction","target":["https:\/\/plastar.ee\/sv\/produkter\/"]}]},{"@type":"ImageObject","inLanguage":"sv-SE","@id":"https:\/\/plastar.ee\/sv\/produkter\/#primaryimage","url":"https:\/\/plastar.ee\/wp-content\/uploads\/2022\/03\/Welding_Plastar-scaled.jpg","contentUrl":"https:\/\/plastar.ee\/wp-content\/uploads\/2022\/03\/Welding_Plastar-scaled.jpg","width":2560,"height":1703},{"@type":"WebSite","@id":"https:\/\/plastar.ee\/sv\/#website","url":"https:\/\/plastar.ee\/sv\/","name":"Estiko Packaging Solutions","description":"Kindel partner pakendilahendustes","publisher":{"@id":"https:\/\/plastar.ee\/sv\/#organization"},"potentialAction":[{"@type":"SearchAction","target":{"@type":"EntryPoint","urlTemplate":"https:\/\/plastar.ee\/sv\/?s={search_term_string}"},"query-input":{"@type":"PropertyValueSpecification","valueRequired":true,"valueName":"search_term_string"}}],"inLanguage":"sv-SE"},{"@type":"Organization","@id":"https:\/\/plastar.ee\/sv\/#organization","name":"Estiko Packaging Solutions","url":"https:\/\/plastar.ee\/sv\/","logo":{"@type":"ImageObject","inLanguage":"sv-SE","@id":"https:\/\/plastar.ee\/sv\/#\/schema\/logo\/image\/","url":"https:\/\/plastar.ee\/wp-content\/uploads\/2023\/11\/Estiko-Plastar_logo_03.svg","contentUrl":"https:\/\/plastar.ee\/wp-content\/uploads\/2023\/11\/Estiko-Plastar_logo_03.svg","width":475,"height":165,"caption":"Estiko Packaging Solutions"},"image":{"@id":"https:\/\/plastar.ee\/sv\/#\/schema\/logo\/image\/"},"sameAs":["https:\/\/www.facebook.com\/EstikoPlastar","https:\/\/www.linkedin.com\/company\/estiko-plastar-as","https:\/\/www.youtube.com\/channel\/UCbI4N1FRv14oZqm-OYSsn3A","https:\/\/www.instagram.com\/estikopackaging\/"]}]}},"_links":{"self":[{"href":"https:\/\/plastar.ee\/sv\/wp-json\/wp\/v2\/pages\/2423","targetHints":{"allow":["GET"]}}],"collection":[{"href":"https:\/\/plastar.ee\/sv\/wp-json\/wp\/v2\/pages"}],"about":[{"href":"https:\/\/plastar.ee\/sv\/wp-json\/wp\/v2\/types\/page"}],"author":[{"embeddable":true,"href":"https:\/\/plastar.ee\/sv\/wp-json\/wp\/v2\/users\/3"}],"replies":[{"embeddable":true,"href":"https:\/\/plastar.ee\/sv\/wp-json\/wp\/v2\/comments?post=2423"}],"version-history":[{"count":2,"href":"https:\/\/plastar.ee\/sv\/wp-json\/wp\/v2\/pages\/2423\/revisions"}],"predecessor-version":[{"id":3570,"href":"https:\/\/plastar.ee\/sv\/wp-json\/wp\/v2\/pages\/2423\/revisions\/3570"}],"wp:featuredmedia":[{"embeddable":true,"href":"https:\/\/plastar.ee\/sv\/wp-json\/wp\/v2\/media\/3425"}],"wp:attachment":[{"href":"https:\/\/plastar.ee\/sv\/wp-json\/wp\/v2\/media?parent=2423"}],"curies":[{"name":"wp","href":"https:\/\/api.w.org\/{rel}","templated":true}]}}