{"id":2438,"date":"2021-05-14T09:02:36","date_gmt":"2021-05-14T09:02:36","guid":{"rendered":"https:\/\/plastar.ee\/tooted\/toiduainetoostus\/liha-ja-kalatoostus\/"},"modified":"2025-11-13T14:07:33","modified_gmt":"2025-11-13T12:07:33","slug":"kott-och-fiskindustrin","status":"publish","type":"page","link":"https:\/\/plastar.ee\/sv\/produkter\/for-livsmedelsindustrin\/kott-och-fiskindustrin\/","title":{"rendered":"K\u00f6tt- och fiskindustrin"},"content":{"rendered":"<!DOCTYPE html PUBLIC \"-\/\/W3C\/\/DTD HTML 4.0 Transitional\/\/EN\" \"http:\/\/www.w3.org\/TR\/REC-html40\/loose.dtd\">\n<html><body><p>F&auml;rska, tillagade eller r&ouml;kta fisk- och k&ouml;ttprodukter, korv, skinka, k&ouml;ttsnacks, konserver och mycket mer. Vi erbjuder ett brett urval av f&ouml;rpackningsl&ouml;sningar f&ouml;r produkter med olika krav p&aring; gasbarri&auml;ren som bland annat &auml;r l&auml;mpliga f&ouml;r v&auml;rmebehandling och sterilisering. I samarbete med livsmedelstekniker och -forskare kan vi garantera livsmedelss&auml;kerhet och maximal h&aring;llbarhet f&ouml;r Din produkt.<\/p>\n\n\n\n<div style=\"height:30px\" aria-hidden=\"true\" class=\"wp-block-spacer\"><\/div>\n<\/body><\/html>\n","protected":false},"excerpt":{"rendered":"<p>F&auml;rska, tillagade eller r&ouml;kta fisk- och k&ouml;ttprodukter, korv, skinka, k&ouml;ttsnacks, konserver och mycket mer. Vi erbjuder ett brett urval av f&ouml;rpackningsl&ouml;sningar f&ouml;r produkter med olika krav p&aring; gasbarri&auml;ren som bland annat &auml;r l&auml;mpliga f&ouml;r v&auml;rmebehandling och sterilisering. I samarbete med livsmedelstekniker och -forskare kan vi garantera livsmedelss&auml;kerhet och maximal h&aring;llbarhet f&ouml;r Din produkt.<\/p>\n","protected":false},"author":3,"featured_media":2439,"parent":2426,"menu_order":13,"comment_status":"closed","ping_status":"closed","template":"page_tooted-3.php","meta":{"_acf_changed":false,"footnotes":""},"class_list":["post-2438","page","type-page","status-publish","has-post-thumbnail","hentry"],"acf":[],"yoast_head":"<!-- This site is optimized with the Yoast SEO plugin v27.4 - https:\/\/yoast.com\/product\/yoast-seo-wordpress\/ -->\n<title>K\u00f6tt- och fiskindustrin | Estiko Packaging Solutions<\/title>\n<meta name=\"description\" content=\"Ett brett urval av f\u00f6rpackningar med s\u00e4rskilda barri\u00e4regenskaper f\u00f6r fisk- och k\u00f6ttindustrin.\" \/>\n<meta name=\"robots\" content=\"index, follow, max-snippet:-1, max-image-preview:large, max-video-preview:-1\" \/>\n<link rel=\"canonical\" href=\"https:\/\/plastar.ee\/sv\/produkter\/for-livsmedelsindustrin\/kott-och-fiskindustrin\/\" \/>\n<meta property=\"og:locale\" content=\"sv_SE\" \/>\n<meta property=\"og:type\" content=\"article\" \/>\n<meta property=\"og:title\" content=\"K\u00f6tt- och fiskindustrin | Estiko Packaging Solutions\" \/>\n<meta property=\"og:description\" content=\"Ett brett urval av f\u00f6rpackningar med s\u00e4rskilda barri\u00e4regenskaper f\u00f6r fisk- och k\u00f6ttindustrin.\" \/>\n<meta property=\"og:url\" content=\"https:\/\/plastar.ee\/sv\/produkter\/for-livsmedelsindustrin\/kott-och-fiskindustrin\/\" \/>\n<meta property=\"og:site_name\" content=\"Estiko Packaging Solutions\" \/>\n<meta property=\"article:publisher\" content=\"https:\/\/www.facebook.com\/EstikoPlastar\" \/>\n<meta property=\"article:modified_time\" content=\"2025-11-13T12:07:33+00:00\" \/>\n<meta property=\"og:image\" content=\"https:\/\/plastar.ee\/wp-content\/uploads\/2021\/07\/Meat-and-Fish-min-scaled.jpg\" \/>\n\t<meta property=\"og:image:width\" content=\"2560\" \/>\n\t<meta property=\"og:image:height\" content=\"1707\" \/>\n\t<meta property=\"og:image:type\" content=\"image\/jpeg\" \/>\n<meta name=\"twitter:card\" content=\"summary_large_image\" \/>\n<meta name=\"twitter:label1\" content=\"Ber\u00e4knad l\u00e4stid\" \/>\n\t<meta name=\"twitter:data1\" content=\"1 minut\" \/>\n<script type=\"application\/ld+json\" class=\"yoast-schema-graph\">{\"@context\":\"https:\\\/\\\/schema.org\",\"@graph\":[{\"@type\":\"WebPage\",\"@id\":\"https:\\\/\\\/plastar.ee\\\/sv\\\/produkter\\\/for-livsmedelsindustrin\\\/kott-och-fiskindustrin\\\/\",\"url\":\"https:\\\/\\\/plastar.ee\\\/sv\\\/produkter\\\/for-livsmedelsindustrin\\\/kott-och-fiskindustrin\\\/\",\"name\":\"K\u00f6tt- och fiskindustrin | Estiko Packaging Solutions\",\"isPartOf\":{\"@id\":\"https:\\\/\\\/plastar.ee\\\/sv\\\/#website\"},\"primaryImageOfPage\":{\"@id\":\"https:\\\/\\\/plastar.ee\\\/sv\\\/produkter\\\/for-livsmedelsindustrin\\\/kott-och-fiskindustrin\\\/#primaryimage\"},\"image\":{\"@id\":\"https:\\\/\\\/plastar.ee\\\/sv\\\/produkter\\\/for-livsmedelsindustrin\\\/kott-och-fiskindustrin\\\/#primaryimage\"},\"thumbnailUrl\":\"https:\\\/\\\/plastar.ee\\\/wp-content\\\/uploads\\\/2021\\\/07\\\/Meat-and-Fish-min-scaled.jpg\",\"datePublished\":\"2021-05-14T09:02:36+00:00\",\"dateModified\":\"2025-11-13T12:07:33+00:00\",\"description\":\"Ett brett urval av f\u00f6rpackningar med s\u00e4rskilda barri\u00e4regenskaper f\u00f6r fisk- och k\u00f6ttindustrin.\",\"breadcrumb\":{\"@id\":\"https:\\\/\\\/plastar.ee\\\/sv\\\/produkter\\\/for-livsmedelsindustrin\\\/kott-och-fiskindustrin\\\/#breadcrumb\"},\"inLanguage\":\"sv-SE\",\"potentialAction\":[{\"@type\":\"ReadAction\",\"target\":[\"https:\\\/\\\/plastar.ee\\\/sv\\\/produkter\\\/for-livsmedelsindustrin\\\/kott-och-fiskindustrin\\\/\"]}]},{\"@type\":\"ImageObject\",\"inLanguage\":\"sv-SE\",\"@id\":\"https:\\\/\\\/plastar.ee\\\/sv\\\/produkter\\\/for-livsmedelsindustrin\\\/kott-och-fiskindustrin\\\/#primaryimage\",\"url\":\"https:\\\/\\\/plastar.ee\\\/wp-content\\\/uploads\\\/2021\\\/07\\\/Meat-and-Fish-min-scaled.jpg\",\"contentUrl\":\"https:\\\/\\\/plastar.ee\\\/wp-content\\\/uploads\\\/2021\\\/07\\\/Meat-and-Fish-min-scaled.jpg\",\"width\":2560,\"height\":1707},{\"@type\":\"BreadcrumbList\",\"@id\":\"https:\\\/\\\/plastar.ee\\\/sv\\\/produkter\\\/for-livsmedelsindustrin\\\/kott-och-fiskindustrin\\\/#breadcrumb\",\"itemListElement\":[{\"@type\":\"ListItem\",\"position\":1,\"name\":\"Produkter\",\"item\":\"https:\\\/\\\/plastar.ee\\\/sv\\\/produkter\\\/?lang=sv\"},{\"@type\":\"ListItem\",\"position\":2,\"name\":\"F\u00f6r livsmedelsindustrin\",\"item\":\"https:\\\/\\\/plastar.ee\\\/sv\\\/produkter\\\/for-livsmedelsindustrin\\\/\"},{\"@type\":\"ListItem\",\"position\":3,\"name\":\"K\u00f6tt- och fiskindustrin\"}]},{\"@type\":\"WebSite\",\"@id\":\"https:\\\/\\\/plastar.ee\\\/sv\\\/#website\",\"url\":\"https:\\\/\\\/plastar.ee\\\/sv\\\/\",\"name\":\"Estiko Packaging Solutions\",\"description\":\"Kindel partner pakendilahendustes\",\"publisher\":{\"@id\":\"https:\\\/\\\/plastar.ee\\\/sv\\\/#organization\"},\"potentialAction\":[{\"@type\":\"SearchAction\",\"target\":{\"@type\":\"EntryPoint\",\"urlTemplate\":\"https:\\\/\\\/plastar.ee\\\/sv\\\/?s={search_term_string}\"},\"query-input\":{\"@type\":\"PropertyValueSpecification\",\"valueRequired\":true,\"valueName\":\"search_term_string\"}}],\"inLanguage\":\"sv-SE\"},{\"@type\":\"Organization\",\"@id\":\"https:\\\/\\\/plastar.ee\\\/sv\\\/#organization\",\"name\":\"Estiko Packaging Solutions\",\"url\":\"https:\\\/\\\/plastar.ee\\\/sv\\\/\",\"logo\":{\"@type\":\"ImageObject\",\"inLanguage\":\"sv-SE\",\"@id\":\"https:\\\/\\\/plastar.ee\\\/sv\\\/#\\\/schema\\\/logo\\\/image\\\/\",\"url\":\"https:\\\/\\\/plastar.ee\\\/wp-content\\\/uploads\\\/2023\\\/11\\\/Estiko-Plastar_logo_03.svg\",\"contentUrl\":\"https:\\\/\\\/plastar.ee\\\/wp-content\\\/uploads\\\/2023\\\/11\\\/Estiko-Plastar_logo_03.svg\",\"width\":475,\"height\":165,\"caption\":\"Estiko Packaging Solutions\"},\"image\":{\"@id\":\"https:\\\/\\\/plastar.ee\\\/sv\\\/#\\\/schema\\\/logo\\\/image\\\/\"},\"sameAs\":[\"https:\\\/\\\/www.facebook.com\\\/EstikoPlastar\",\"https:\\\/\\\/www.linkedin.com\\\/company\\\/estiko-plastar-as\",\"https:\\\/\\\/www.youtube.com\\\/channel\\\/UCbI4N1FRv14oZqm-OYSsn3A\",\"https:\\\/\\\/www.instagram.com\\\/estikopackaging\\\/\"]}]}<\/script>\n<!-- \/ Yoast SEO plugin. -->","yoast_head_json":{"title":"K\u00f6tt- och fiskindustrin | Estiko Packaging Solutions","description":"Ett brett urval av f\u00f6rpackningar med s\u00e4rskilda barri\u00e4regenskaper f\u00f6r fisk- och k\u00f6ttindustrin.","robots":{"index":"index","follow":"follow","max-snippet":"max-snippet:-1","max-image-preview":"max-image-preview:large","max-video-preview":"max-video-preview:-1"},"canonical":"https:\/\/plastar.ee\/sv\/produkter\/for-livsmedelsindustrin\/kott-och-fiskindustrin\/","og_locale":"sv_SE","og_type":"article","og_title":"K\u00f6tt- och fiskindustrin | Estiko Packaging Solutions","og_description":"Ett brett urval av f\u00f6rpackningar med s\u00e4rskilda barri\u00e4regenskaper f\u00f6r fisk- och k\u00f6ttindustrin.","og_url":"https:\/\/plastar.ee\/sv\/produkter\/for-livsmedelsindustrin\/kott-och-fiskindustrin\/","og_site_name":"Estiko Packaging Solutions","article_publisher":"https:\/\/www.facebook.com\/EstikoPlastar","article_modified_time":"2025-11-13T12:07:33+00:00","og_image":[{"width":2560,"height":1707,"url":"https:\/\/plastar.ee\/wp-content\/uploads\/2021\/07\/Meat-and-Fish-min-scaled.jpg","type":"image\/jpeg"}],"twitter_card":"summary_large_image","twitter_misc":{"Ber\u00e4knad l\u00e4stid":"1 minut"},"schema":{"@context":"https:\/\/schema.org","@graph":[{"@type":"WebPage","@id":"https:\/\/plastar.ee\/sv\/produkter\/for-livsmedelsindustrin\/kott-och-fiskindustrin\/","url":"https:\/\/plastar.ee\/sv\/produkter\/for-livsmedelsindustrin\/kott-och-fiskindustrin\/","name":"K\u00f6tt- och fiskindustrin | Estiko Packaging Solutions","isPartOf":{"@id":"https:\/\/plastar.ee\/sv\/#website"},"primaryImageOfPage":{"@id":"https:\/\/plastar.ee\/sv\/produkter\/for-livsmedelsindustrin\/kott-och-fiskindustrin\/#primaryimage"},"image":{"@id":"https:\/\/plastar.ee\/sv\/produkter\/for-livsmedelsindustrin\/kott-och-fiskindustrin\/#primaryimage"},"thumbnailUrl":"https:\/\/plastar.ee\/wp-content\/uploads\/2021\/07\/Meat-and-Fish-min-scaled.jpg","datePublished":"2021-05-14T09:02:36+00:00","dateModified":"2025-11-13T12:07:33+00:00","description":"Ett brett urval av f\u00f6rpackningar med s\u00e4rskilda barri\u00e4regenskaper f\u00f6r fisk- och k\u00f6ttindustrin.","breadcrumb":{"@id":"https:\/\/plastar.ee\/sv\/produkter\/for-livsmedelsindustrin\/kott-och-fiskindustrin\/#breadcrumb"},"inLanguage":"sv-SE","potentialAction":[{"@type":"ReadAction","target":["https:\/\/plastar.ee\/sv\/produkter\/for-livsmedelsindustrin\/kott-och-fiskindustrin\/"]}]},{"@type":"ImageObject","inLanguage":"sv-SE","@id":"https:\/\/plastar.ee\/sv\/produkter\/for-livsmedelsindustrin\/kott-och-fiskindustrin\/#primaryimage","url":"https:\/\/plastar.ee\/wp-content\/uploads\/2021\/07\/Meat-and-Fish-min-scaled.jpg","contentUrl":"https:\/\/plastar.ee\/wp-content\/uploads\/2021\/07\/Meat-and-Fish-min-scaled.jpg","width":2560,"height":1707},{"@type":"BreadcrumbList","@id":"https:\/\/plastar.ee\/sv\/produkter\/for-livsmedelsindustrin\/kott-och-fiskindustrin\/#breadcrumb","itemListElement":[{"@type":"ListItem","position":1,"name":"Produkter","item":"https:\/\/plastar.ee\/sv\/produkter\/?lang=sv"},{"@type":"ListItem","position":2,"name":"F\u00f6r livsmedelsindustrin","item":"https:\/\/plastar.ee\/sv\/produkter\/for-livsmedelsindustrin\/"},{"@type":"ListItem","position":3,"name":"K\u00f6tt- och fiskindustrin"}]},{"@type":"WebSite","@id":"https:\/\/plastar.ee\/sv\/#website","url":"https:\/\/plastar.ee\/sv\/","name":"Estiko Packaging Solutions","description":"Kindel partner pakendilahendustes","publisher":{"@id":"https:\/\/plastar.ee\/sv\/#organization"},"potentialAction":[{"@type":"SearchAction","target":{"@type":"EntryPoint","urlTemplate":"https:\/\/plastar.ee\/sv\/?s={search_term_string}"},"query-input":{"@type":"PropertyValueSpecification","valueRequired":true,"valueName":"search_term_string"}}],"inLanguage":"sv-SE"},{"@type":"Organization","@id":"https:\/\/plastar.ee\/sv\/#organization","name":"Estiko Packaging Solutions","url":"https:\/\/plastar.ee\/sv\/","logo":{"@type":"ImageObject","inLanguage":"sv-SE","@id":"https:\/\/plastar.ee\/sv\/#\/schema\/logo\/image\/","url":"https:\/\/plastar.ee\/wp-content\/uploads\/2023\/11\/Estiko-Plastar_logo_03.svg","contentUrl":"https:\/\/plastar.ee\/wp-content\/uploads\/2023\/11\/Estiko-Plastar_logo_03.svg","width":475,"height":165,"caption":"Estiko Packaging Solutions"},"image":{"@id":"https:\/\/plastar.ee\/sv\/#\/schema\/logo\/image\/"},"sameAs":["https:\/\/www.facebook.com\/EstikoPlastar","https:\/\/www.linkedin.com\/company\/estiko-plastar-as","https:\/\/www.youtube.com\/channel\/UCbI4N1FRv14oZqm-OYSsn3A","https:\/\/www.instagram.com\/estikopackaging\/"]}]}},"_links":{"self":[{"href":"https:\/\/plastar.ee\/sv\/wp-json\/wp\/v2\/pages\/2438","targetHints":{"allow":["GET"]}}],"collection":[{"href":"https:\/\/plastar.ee\/sv\/wp-json\/wp\/v2\/pages"}],"about":[{"href":"https:\/\/plastar.ee\/sv\/wp-json\/wp\/v2\/types\/page"}],"author":[{"embeddable":true,"href":"https:\/\/plastar.ee\/sv\/wp-json\/wp\/v2\/users\/3"}],"replies":[{"embeddable":true,"href":"https:\/\/plastar.ee\/sv\/wp-json\/wp\/v2\/comments?post=2438"}],"version-history":[{"count":4,"href":"https:\/\/plastar.ee\/sv\/wp-json\/wp\/v2\/pages\/2438\/revisions"}],"predecessor-version":[{"id":6999,"href":"https:\/\/plastar.ee\/sv\/wp-json\/wp\/v2\/pages\/2438\/revisions\/6999"}],"up":[{"embeddable":true,"href":"https:\/\/plastar.ee\/sv\/wp-json\/wp\/v2\/pages\/2426"}],"wp:featuredmedia":[{"embeddable":true,"href":"https:\/\/plastar.ee\/sv\/wp-json\/wp\/v2\/media\/2439"}],"wp:attachment":[{"href":"https:\/\/plastar.ee\/sv\/wp-json\/wp\/v2\/media?parent=2438"}],"curies":[{"name":"wp","href":"https:\/\/api.w.org\/{rel}","templated":true}]}}