{"id":2441,"date":"2021-05-14T06:05:34","date_gmt":"2021-05-14T06:05:34","guid":{"rendered":"https:\/\/plastar.ee\/tooted\/toiduainetoostus\/piima-ja-juustutoostus\/"},"modified":"2025-11-13T14:10:16","modified_gmt":"2025-11-13T12:10:16","slug":"mjolk-och-ostindustrin","status":"publish","type":"page","link":"https:\/\/plastar.ee\/sv\/produkter\/for-livsmedelsindustrin\/mjolk-och-ostindustrin\/","title":{"rendered":"Mj\u00f6lk- och ostindustrin"},"content":{"rendered":"<!DOCTYPE html PUBLIC \"-\/\/W3C\/\/DTD HTML 4.0 Transitional\/\/EN\" \"http:\/\/www.w3.org\/TR\/REC-html40\/loose.dtd\">\n<html><body><p>Mj&ouml;lk, h&aring;rd- och mjukostar, keso, gr&auml;ddfil, yoghurt, sm&ouml;r och mycket mer. Design av f&ouml;rpackningar f&ouml;r mj&ouml;lkprodukter tar h&auml;nsyn till deras s&auml;rskilda k&auml;nslighet n&auml;r det g&auml;ller f&ouml;rvaringsf&ouml;rh&aring;llanden och gasbarri&auml;ren. Estiko har perfekta l&ouml;sningar f&ouml;r s&aring;dana produkter som uppn&aring;r optimal h&aring;llbarhetstid och samtidigt &auml;r anv&auml;ndarv&auml;nliga &ndash; l&auml;tt&ouml;ppnade och &aring;terf&ouml;rslutningsbara f&ouml;rpackningsl&ouml;sningar finns tillg&auml;ngliga.<\/p>\n\n\n\n<div style=\"height:30px\" aria-hidden=\"true\" class=\"wp-block-spacer\"><\/div>\n<\/body><\/html>\n","protected":false},"excerpt":{"rendered":"<p>Mj&ouml;lk, h&aring;rd- och mjukostar, keso, gr&auml;ddfil, yoghurt, sm&ouml;r och mycket mer. Design av f&ouml;rpackningar f&ouml;r mj&ouml;lkprodukter tar h&auml;nsyn till deras s&auml;rskilda k&auml;nslighet n&auml;r det g&auml;ller f&ouml;rvaringsf&ouml;rh&aring;llanden och gasbarri&auml;ren. Estiko har perfekta l&ouml;sningar f&ouml;r s&aring;dana produkter som uppn&aring;r optimal h&aring;llbarhetstid och samtidigt &auml;r anv&auml;ndarv&auml;nliga &ndash; l&auml;tt&ouml;ppnade och &aring;terf&ouml;rslutningsbara f&ouml;rpackningsl&ouml;sningar finns tillg&auml;ngliga.<\/p>\n","protected":false},"author":3,"featured_media":2443,"parent":2426,"menu_order":14,"comment_status":"closed","ping_status":"closed","template":"page_tooted-3.php","meta":{"_acf_changed":false,"footnotes":""},"class_list":["post-2441","page","type-page","status-publish","has-post-thumbnail","hentry"],"acf":[],"yoast_head":"<!-- This site is optimized with the Yoast SEO plugin v27.2 - https:\/\/yoast.com\/product\/yoast-seo-wordpress\/ -->\n<title>Mj\u00f6lk- och ostindustrin | Estiko Packaging Solutions<\/title>\n<meta name=\"description\" content=\"Unika f\u00f6rpackningar f\u00f6r mj\u00f6lkprodukter som i alla avseenden tar h\u00e4nsyn till deras k\u00e4nsliga karakt\u00e4r.\" \/>\n<meta name=\"robots\" content=\"index, follow, max-snippet:-1, max-image-preview:large, max-video-preview:-1\" \/>\n<link rel=\"canonical\" href=\"https:\/\/plastar.ee\/sv\/produkter\/for-livsmedelsindustrin\/mjolk-och-ostindustrin\/\" \/>\n<meta property=\"og:locale\" content=\"sv_SE\" \/>\n<meta property=\"og:type\" content=\"article\" \/>\n<meta property=\"og:title\" content=\"Mj\u00f6lk- och ostindustrin | Estiko Packaging Solutions\" \/>\n<meta property=\"og:description\" content=\"Unika f\u00f6rpackningar f\u00f6r mj\u00f6lkprodukter som i alla avseenden tar h\u00e4nsyn till deras k\u00e4nsliga karakt\u00e4r.\" \/>\n<meta property=\"og:url\" content=\"https:\/\/plastar.ee\/sv\/produkter\/for-livsmedelsindustrin\/mjolk-och-ostindustrin\/\" \/>\n<meta property=\"og:site_name\" content=\"Estiko Packaging Solutions\" \/>\n<meta property=\"article:publisher\" content=\"https:\/\/www.facebook.com\/EstikoPlastar\" \/>\n<meta property=\"article:modified_time\" content=\"2025-11-13T12:10:16+00:00\" \/>\n<meta property=\"og:image\" content=\"https:\/\/plastar.ee\/wp-content\/uploads\/2021\/07\/Dairy-1-min-scaled.jpg\" \/>\n\t<meta property=\"og:image:width\" content=\"2560\" \/>\n\t<meta property=\"og:image:height\" content=\"1707\" \/>\n\t<meta property=\"og:image:type\" content=\"image\/jpeg\" \/>\n<meta name=\"twitter:card\" content=\"summary_large_image\" \/>\n<meta name=\"twitter:label1\" content=\"Ber\u00e4knad l\u00e4stid\" \/>\n\t<meta name=\"twitter:data1\" content=\"1 minut\" \/>\n<script type=\"application\/ld+json\" class=\"yoast-schema-graph\">{\"@context\":\"https:\/\/schema.org\",\"@graph\":[{\"@type\":\"WebPage\",\"@id\":\"https:\/\/plastar.ee\/sv\/produkter\/for-livsmedelsindustrin\/mjolk-och-ostindustrin\/\",\"url\":\"https:\/\/plastar.ee\/sv\/produkter\/for-livsmedelsindustrin\/mjolk-och-ostindustrin\/\",\"name\":\"Mj\u00f6lk- och ostindustrin | Estiko Packaging Solutions\",\"isPartOf\":{\"@id\":\"https:\/\/plastar.ee\/sv\/#website\"},\"primaryImageOfPage\":{\"@id\":\"https:\/\/plastar.ee\/sv\/produkter\/for-livsmedelsindustrin\/mjolk-och-ostindustrin\/#primaryimage\"},\"image\":{\"@id\":\"https:\/\/plastar.ee\/sv\/produkter\/for-livsmedelsindustrin\/mjolk-och-ostindustrin\/#primaryimage\"},\"thumbnailUrl\":\"https:\/\/plastar.ee\/wp-content\/uploads\/2021\/07\/Dairy-1-min-scaled.jpg\",\"datePublished\":\"2021-05-14T06:05:34+00:00\",\"dateModified\":\"2025-11-13T12:10:16+00:00\",\"description\":\"Unika f\u00f6rpackningar f\u00f6r mj\u00f6lkprodukter som i alla avseenden tar h\u00e4nsyn till deras k\u00e4nsliga karakt\u00e4r.\",\"breadcrumb\":{\"@id\":\"https:\/\/plastar.ee\/sv\/produkter\/for-livsmedelsindustrin\/mjolk-och-ostindustrin\/#breadcrumb\"},\"inLanguage\":\"sv-SE\",\"potentialAction\":[{\"@type\":\"ReadAction\",\"target\":[\"https:\/\/plastar.ee\/sv\/produkter\/for-livsmedelsindustrin\/mjolk-och-ostindustrin\/\"]}]},{\"@type\":\"ImageObject\",\"inLanguage\":\"sv-SE\",\"@id\":\"https:\/\/plastar.ee\/sv\/produkter\/for-livsmedelsindustrin\/mjolk-och-ostindustrin\/#primaryimage\",\"url\":\"https:\/\/plastar.ee\/wp-content\/uploads\/2021\/07\/Dairy-1-min-scaled.jpg\",\"contentUrl\":\"https:\/\/plastar.ee\/wp-content\/uploads\/2021\/07\/Dairy-1-min-scaled.jpg\",\"width\":2560,\"height\":1707},{\"@type\":\"BreadcrumbList\",\"@id\":\"https:\/\/plastar.ee\/sv\/produkter\/for-livsmedelsindustrin\/mjolk-och-ostindustrin\/#breadcrumb\",\"itemListElement\":[{\"@type\":\"ListItem\",\"position\":1,\"name\":\"Produkter\",\"item\":\"https:\/\/plastar.ee\/sv\/produkter\/?lang=sv\"},{\"@type\":\"ListItem\",\"position\":2,\"name\":\"F\u00f6r livsmedelsindustrin\",\"item\":\"https:\/\/plastar.ee\/sv\/produkter\/for-livsmedelsindustrin\/\"},{\"@type\":\"ListItem\",\"position\":3,\"name\":\"Mj\u00f6lk- och ostindustrin\"}]},{\"@type\":\"WebSite\",\"@id\":\"https:\/\/plastar.ee\/sv\/#website\",\"url\":\"https:\/\/plastar.ee\/sv\/\",\"name\":\"Estiko Packaging Solutions\",\"description\":\"Kindel partner pakendilahendustes\",\"publisher\":{\"@id\":\"https:\/\/plastar.ee\/sv\/#organization\"},\"potentialAction\":[{\"@type\":\"SearchAction\",\"target\":{\"@type\":\"EntryPoint\",\"urlTemplate\":\"https:\/\/plastar.ee\/sv\/?s={search_term_string}\"},\"query-input\":{\"@type\":\"PropertyValueSpecification\",\"valueRequired\":true,\"valueName\":\"search_term_string\"}}],\"inLanguage\":\"sv-SE\"},{\"@type\":\"Organization\",\"@id\":\"https:\/\/plastar.ee\/sv\/#organization\",\"name\":\"Estiko Packaging Solutions\",\"url\":\"https:\/\/plastar.ee\/sv\/\",\"logo\":{\"@type\":\"ImageObject\",\"inLanguage\":\"sv-SE\",\"@id\":\"https:\/\/plastar.ee\/sv\/#\/schema\/logo\/image\/\",\"url\":\"https:\/\/plastar.ee\/wp-content\/uploads\/2023\/11\/Estiko-Plastar_logo_03.svg\",\"contentUrl\":\"https:\/\/plastar.ee\/wp-content\/uploads\/2023\/11\/Estiko-Plastar_logo_03.svg\",\"width\":475,\"height\":165,\"caption\":\"Estiko Packaging Solutions\"},\"image\":{\"@id\":\"https:\/\/plastar.ee\/sv\/#\/schema\/logo\/image\/\"},\"sameAs\":[\"https:\/\/www.facebook.com\/EstikoPlastar\",\"https:\/\/www.linkedin.com\/company\/estiko-plastar-as\",\"https:\/\/www.youtube.com\/channel\/UCbI4N1FRv14oZqm-OYSsn3A\",\"https:\/\/www.instagram.com\/estikopackaging\/\"]}]}<\/script>\n<!-- \/ Yoast SEO plugin. -->","yoast_head_json":{"title":"Mj\u00f6lk- och ostindustrin | Estiko Packaging Solutions","description":"Unika f\u00f6rpackningar f\u00f6r mj\u00f6lkprodukter som i alla avseenden tar h\u00e4nsyn till deras k\u00e4nsliga karakt\u00e4r.","robots":{"index":"index","follow":"follow","max-snippet":"max-snippet:-1","max-image-preview":"max-image-preview:large","max-video-preview":"max-video-preview:-1"},"canonical":"https:\/\/plastar.ee\/sv\/produkter\/for-livsmedelsindustrin\/mjolk-och-ostindustrin\/","og_locale":"sv_SE","og_type":"article","og_title":"Mj\u00f6lk- och ostindustrin | Estiko Packaging Solutions","og_description":"Unika f\u00f6rpackningar f\u00f6r mj\u00f6lkprodukter som i alla avseenden tar h\u00e4nsyn till deras k\u00e4nsliga karakt\u00e4r.","og_url":"https:\/\/plastar.ee\/sv\/produkter\/for-livsmedelsindustrin\/mjolk-och-ostindustrin\/","og_site_name":"Estiko Packaging Solutions","article_publisher":"https:\/\/www.facebook.com\/EstikoPlastar","article_modified_time":"2025-11-13T12:10:16+00:00","og_image":[{"width":2560,"height":1707,"url":"https:\/\/plastar.ee\/wp-content\/uploads\/2021\/07\/Dairy-1-min-scaled.jpg","type":"image\/jpeg"}],"twitter_card":"summary_large_image","twitter_misc":{"Ber\u00e4knad l\u00e4stid":"1 minut"},"schema":{"@context":"https:\/\/schema.org","@graph":[{"@type":"WebPage","@id":"https:\/\/plastar.ee\/sv\/produkter\/for-livsmedelsindustrin\/mjolk-och-ostindustrin\/","url":"https:\/\/plastar.ee\/sv\/produkter\/for-livsmedelsindustrin\/mjolk-och-ostindustrin\/","name":"Mj\u00f6lk- och ostindustrin | Estiko Packaging Solutions","isPartOf":{"@id":"https:\/\/plastar.ee\/sv\/#website"},"primaryImageOfPage":{"@id":"https:\/\/plastar.ee\/sv\/produkter\/for-livsmedelsindustrin\/mjolk-och-ostindustrin\/#primaryimage"},"image":{"@id":"https:\/\/plastar.ee\/sv\/produkter\/for-livsmedelsindustrin\/mjolk-och-ostindustrin\/#primaryimage"},"thumbnailUrl":"https:\/\/plastar.ee\/wp-content\/uploads\/2021\/07\/Dairy-1-min-scaled.jpg","datePublished":"2021-05-14T06:05:34+00:00","dateModified":"2025-11-13T12:10:16+00:00","description":"Unika f\u00f6rpackningar f\u00f6r mj\u00f6lkprodukter som i alla avseenden tar h\u00e4nsyn till deras k\u00e4nsliga karakt\u00e4r.","breadcrumb":{"@id":"https:\/\/plastar.ee\/sv\/produkter\/for-livsmedelsindustrin\/mjolk-och-ostindustrin\/#breadcrumb"},"inLanguage":"sv-SE","potentialAction":[{"@type":"ReadAction","target":["https:\/\/plastar.ee\/sv\/produkter\/for-livsmedelsindustrin\/mjolk-och-ostindustrin\/"]}]},{"@type":"ImageObject","inLanguage":"sv-SE","@id":"https:\/\/plastar.ee\/sv\/produkter\/for-livsmedelsindustrin\/mjolk-och-ostindustrin\/#primaryimage","url":"https:\/\/plastar.ee\/wp-content\/uploads\/2021\/07\/Dairy-1-min-scaled.jpg","contentUrl":"https:\/\/plastar.ee\/wp-content\/uploads\/2021\/07\/Dairy-1-min-scaled.jpg","width":2560,"height":1707},{"@type":"BreadcrumbList","@id":"https:\/\/plastar.ee\/sv\/produkter\/for-livsmedelsindustrin\/mjolk-och-ostindustrin\/#breadcrumb","itemListElement":[{"@type":"ListItem","position":1,"name":"Produkter","item":"https:\/\/plastar.ee\/sv\/produkter\/?lang=sv"},{"@type":"ListItem","position":2,"name":"F\u00f6r livsmedelsindustrin","item":"https:\/\/plastar.ee\/sv\/produkter\/for-livsmedelsindustrin\/"},{"@type":"ListItem","position":3,"name":"Mj\u00f6lk- och ostindustrin"}]},{"@type":"WebSite","@id":"https:\/\/plastar.ee\/sv\/#website","url":"https:\/\/plastar.ee\/sv\/","name":"Estiko Packaging Solutions","description":"Kindel partner pakendilahendustes","publisher":{"@id":"https:\/\/plastar.ee\/sv\/#organization"},"potentialAction":[{"@type":"SearchAction","target":{"@type":"EntryPoint","urlTemplate":"https:\/\/plastar.ee\/sv\/?s={search_term_string}"},"query-input":{"@type":"PropertyValueSpecification","valueRequired":true,"valueName":"search_term_string"}}],"inLanguage":"sv-SE"},{"@type":"Organization","@id":"https:\/\/plastar.ee\/sv\/#organization","name":"Estiko Packaging Solutions","url":"https:\/\/plastar.ee\/sv\/","logo":{"@type":"ImageObject","inLanguage":"sv-SE","@id":"https:\/\/plastar.ee\/sv\/#\/schema\/logo\/image\/","url":"https:\/\/plastar.ee\/wp-content\/uploads\/2023\/11\/Estiko-Plastar_logo_03.svg","contentUrl":"https:\/\/plastar.ee\/wp-content\/uploads\/2023\/11\/Estiko-Plastar_logo_03.svg","width":475,"height":165,"caption":"Estiko Packaging Solutions"},"image":{"@id":"https:\/\/plastar.ee\/sv\/#\/schema\/logo\/image\/"},"sameAs":["https:\/\/www.facebook.com\/EstikoPlastar","https:\/\/www.linkedin.com\/company\/estiko-plastar-as","https:\/\/www.youtube.com\/channel\/UCbI4N1FRv14oZqm-OYSsn3A","https:\/\/www.instagram.com\/estikopackaging\/"]}]}},"_links":{"self":[{"href":"https:\/\/plastar.ee\/sv\/wp-json\/wp\/v2\/pages\/2441","targetHints":{"allow":["GET"]}}],"collection":[{"href":"https:\/\/plastar.ee\/sv\/wp-json\/wp\/v2\/pages"}],"about":[{"href":"https:\/\/plastar.ee\/sv\/wp-json\/wp\/v2\/types\/page"}],"author":[{"embeddable":true,"href":"https:\/\/plastar.ee\/sv\/wp-json\/wp\/v2\/users\/3"}],"replies":[{"embeddable":true,"href":"https:\/\/plastar.ee\/sv\/wp-json\/wp\/v2\/comments?post=2441"}],"version-history":[{"count":4,"href":"https:\/\/plastar.ee\/sv\/wp-json\/wp\/v2\/pages\/2441\/revisions"}],"predecessor-version":[{"id":7000,"href":"https:\/\/plastar.ee\/sv\/wp-json\/wp\/v2\/pages\/2441\/revisions\/7000"}],"up":[{"embeddable":true,"href":"https:\/\/plastar.ee\/sv\/wp-json\/wp\/v2\/pages\/2426"}],"wp:featuredmedia":[{"embeddable":true,"href":"https:\/\/plastar.ee\/sv\/wp-json\/wp\/v2\/media\/2443"}],"wp:attachment":[{"href":"https:\/\/plastar.ee\/sv\/wp-json\/wp\/v2\/media?parent=2441"}],"curies":[{"name":"wp","href":"https:\/\/api.w.org\/{rel}","templated":true}]}}