{"id":2456,"date":"2021-05-21T10:56:34","date_gmt":"2021-05-21T10:56:34","guid":{"rendered":"https:\/\/plastar.ee\/tooted\/muu-toostus\/standardtooted\/"},"modified":"2022-04-04T08:01:16","modified_gmt":"2022-04-04T08:01:16","slug":"standardprodukter","status":"publish","type":"page","link":"https:\/\/plastar.ee\/sv\/produkter\/for-ovrig-industri\/standardprodukter\/","title":{"rendered":"Lagervaror"},"content":{"rendered":"<!DOCTYPE html PUBLIC \"-\/\/W3C\/\/DTD HTML 4.0 Transitional\/\/EN\" \"http:\/\/www.w3.org\/TR\/REC-html40\/loose.dtd\">\n<html><body><p>Vid sidan av mer specifika l&ouml;sningar erbjuder vi &auml;ven ett stort utbud av standardprodukter som har stabila lagersaldon s&aring; att vi kan omg&aring;ende reagera p&aring; kundens &ouml;nskem&aring;l. Bland standardprodukterna finns m&aring;nga olika enkla polyetenfolier, avsp&auml;rrningsband, h&auml;ngsel- och sopp&aring;sar, v&auml;xthusplaster och mycket mer.<\/p>\n\n\n\n<div style=\"height:30px\" aria-hidden=\"true\" class=\"wp-block-spacer\"><\/div>\n<\/body><\/html>\n","protected":false},"excerpt":{"rendered":"<p>Vid sidan av mer specifika l&ouml;sningar erbjuder vi &auml;ven ett stort utbud av standardprodukter som har stabila lagersaldon s&aring; att vi kan omg&aring;ende reagera p&aring; kundens &ouml;nskem&aring;l. Bland standardprodukterna finns m&aring;nga olika enkla polyetenfolier, avsp&auml;rrningsband, h&auml;ngsel- och sopp&aring;sar, v&auml;xthusplaster och mycket mer.<\/p>\n","protected":false},"author":3,"featured_media":2061,"parent":2453,"menu_order":18,"comment_status":"closed","ping_status":"closed","template":"page_tooted-3.php","meta":{"_acf_changed":false,"footnotes":""},"class_list":["post-2456","page","type-page","status-publish","has-post-thumbnail","hentry"],"acf":[],"yoast_head":"<!-- This site is optimized with the Yoast SEO plugin v27.2 - https:\/\/yoast.com\/product\/yoast-seo-wordpress\/ -->\n<title>Lagervaror | Estiko Packaging Solutions<\/title>\n<meta name=\"description\" content=\"PE-filmer i olika format. P\u00e5sar. Det du beh\u00f6ver, n\u00e4r du beh\u00f6ver det.\" \/>\n<meta name=\"robots\" content=\"index, follow, max-snippet:-1, max-image-preview:large, max-video-preview:-1\" \/>\n<link rel=\"canonical\" href=\"https:\/\/plastar.ee\/sv\/produkter\/for-ovrig-industri\/standardprodukter\/\" \/>\n<meta property=\"og:locale\" content=\"sv_SE\" \/>\n<meta property=\"og:type\" content=\"article\" \/>\n<meta property=\"og:title\" content=\"Lagervaror | Estiko Packaging Solutions\" \/>\n<meta property=\"og:description\" content=\"PE-filmer i olika format. P\u00e5sar. Det du beh\u00f6ver, n\u00e4r du beh\u00f6ver det.\" \/>\n<meta property=\"og:url\" content=\"https:\/\/plastar.ee\/sv\/produkter\/for-ovrig-industri\/standardprodukter\/\" \/>\n<meta property=\"og:site_name\" content=\"Estiko Packaging Solutions\" \/>\n<meta property=\"article:publisher\" content=\"https:\/\/www.facebook.com\/EstikoPlastar\" \/>\n<meta property=\"article:modified_time\" content=\"2022-04-04T08:01:16+00:00\" \/>\n<meta property=\"og:image\" content=\"https:\/\/plastar.ee\/wp-content\/uploads\/2021\/12\/Standard-1-scaled.jpg\" \/>\n\t<meta property=\"og:image:width\" content=\"2560\" \/>\n\t<meta property=\"og:image:height\" content=\"1707\" \/>\n\t<meta property=\"og:image:type\" content=\"image\/jpeg\" \/>\n<meta name=\"twitter:card\" content=\"summary_large_image\" \/>\n<meta name=\"twitter:label1\" content=\"Ber\u00e4knad l\u00e4stid\" \/>\n\t<meta name=\"twitter:data1\" content=\"1 minut\" \/>\n<script type=\"application\/ld+json\" class=\"yoast-schema-graph\">{\"@context\":\"https:\/\/schema.org\",\"@graph\":[{\"@type\":\"WebPage\",\"@id\":\"https:\/\/plastar.ee\/sv\/produkter\/for-ovrig-industri\/standardprodukter\/\",\"url\":\"https:\/\/plastar.ee\/sv\/produkter\/for-ovrig-industri\/standardprodukter\/\",\"name\":\"Lagervaror | Estiko Packaging Solutions\",\"isPartOf\":{\"@id\":\"https:\/\/plastar.ee\/sv\/#website\"},\"primaryImageOfPage\":{\"@id\":\"https:\/\/plastar.ee\/sv\/produkter\/for-ovrig-industri\/standardprodukter\/#primaryimage\"},\"image\":{\"@id\":\"https:\/\/plastar.ee\/sv\/produkter\/for-ovrig-industri\/standardprodukter\/#primaryimage\"},\"thumbnailUrl\":\"https:\/\/plastar.ee\/wp-content\/uploads\/2021\/12\/Standard-1-scaled.jpg\",\"datePublished\":\"2021-05-21T10:56:34+00:00\",\"dateModified\":\"2022-04-04T08:01:16+00:00\",\"description\":\"PE-filmer i olika format. P\u00e5sar. Det du beh\u00f6ver, n\u00e4r du beh\u00f6ver det.\",\"breadcrumb\":{\"@id\":\"https:\/\/plastar.ee\/sv\/produkter\/for-ovrig-industri\/standardprodukter\/#breadcrumb\"},\"inLanguage\":\"sv-SE\",\"potentialAction\":[{\"@type\":\"ReadAction\",\"target\":[\"https:\/\/plastar.ee\/sv\/produkter\/for-ovrig-industri\/standardprodukter\/\"]}]},{\"@type\":\"ImageObject\",\"inLanguage\":\"sv-SE\",\"@id\":\"https:\/\/plastar.ee\/sv\/produkter\/for-ovrig-industri\/standardprodukter\/#primaryimage\",\"url\":\"https:\/\/plastar.ee\/wp-content\/uploads\/2021\/12\/Standard-1-scaled.jpg\",\"contentUrl\":\"https:\/\/plastar.ee\/wp-content\/uploads\/2021\/12\/Standard-1-scaled.jpg\",\"width\":2560,\"height\":1707},{\"@type\":\"BreadcrumbList\",\"@id\":\"https:\/\/plastar.ee\/sv\/produkter\/for-ovrig-industri\/standardprodukter\/#breadcrumb\",\"itemListElement\":[{\"@type\":\"ListItem\",\"position\":1,\"name\":\"Produkter\",\"item\":\"https:\/\/plastar.ee\/sv\/produkter\/?lang=sv\"},{\"@type\":\"ListItem\",\"position\":2,\"name\":\"F\u00f6r \u00f6vrig industri\",\"item\":\"https:\/\/plastar.ee\/sv\/produkter\/for-ovrig-industri\/?lang=sv\"},{\"@type\":\"ListItem\",\"position\":3,\"name\":\"Lagervaror\"}]},{\"@type\":\"WebSite\",\"@id\":\"https:\/\/plastar.ee\/sv\/#website\",\"url\":\"https:\/\/plastar.ee\/sv\/\",\"name\":\"Estiko Packaging Solutions\",\"description\":\"Kindel partner pakendilahendustes\",\"publisher\":{\"@id\":\"https:\/\/plastar.ee\/sv\/#organization\"},\"potentialAction\":[{\"@type\":\"SearchAction\",\"target\":{\"@type\":\"EntryPoint\",\"urlTemplate\":\"https:\/\/plastar.ee\/sv\/?s={search_term_string}\"},\"query-input\":{\"@type\":\"PropertyValueSpecification\",\"valueRequired\":true,\"valueName\":\"search_term_string\"}}],\"inLanguage\":\"sv-SE\"},{\"@type\":\"Organization\",\"@id\":\"https:\/\/plastar.ee\/sv\/#organization\",\"name\":\"Estiko Packaging Solutions\",\"url\":\"https:\/\/plastar.ee\/sv\/\",\"logo\":{\"@type\":\"ImageObject\",\"inLanguage\":\"sv-SE\",\"@id\":\"https:\/\/plastar.ee\/sv\/#\/schema\/logo\/image\/\",\"url\":\"https:\/\/plastar.ee\/wp-content\/uploads\/2023\/11\/Estiko-Plastar_logo_03.svg\",\"contentUrl\":\"https:\/\/plastar.ee\/wp-content\/uploads\/2023\/11\/Estiko-Plastar_logo_03.svg\",\"width\":475,\"height\":165,\"caption\":\"Estiko Packaging Solutions\"},\"image\":{\"@id\":\"https:\/\/plastar.ee\/sv\/#\/schema\/logo\/image\/\"},\"sameAs\":[\"https:\/\/www.facebook.com\/EstikoPlastar\",\"https:\/\/www.linkedin.com\/company\/estiko-plastar-as\",\"https:\/\/www.youtube.com\/channel\/UCbI4N1FRv14oZqm-OYSsn3A\",\"https:\/\/www.instagram.com\/estikopackaging\/\"]}]}<\/script>\n<!-- \/ Yoast SEO plugin. -->","yoast_head_json":{"title":"Lagervaror | Estiko Packaging Solutions","description":"PE-filmer i olika format. P\u00e5sar. Det du beh\u00f6ver, n\u00e4r du beh\u00f6ver det.","robots":{"index":"index","follow":"follow","max-snippet":"max-snippet:-1","max-image-preview":"max-image-preview:large","max-video-preview":"max-video-preview:-1"},"canonical":"https:\/\/plastar.ee\/sv\/produkter\/for-ovrig-industri\/standardprodukter\/","og_locale":"sv_SE","og_type":"article","og_title":"Lagervaror | Estiko Packaging Solutions","og_description":"PE-filmer i olika format. P\u00e5sar. Det du beh\u00f6ver, n\u00e4r du beh\u00f6ver det.","og_url":"https:\/\/plastar.ee\/sv\/produkter\/for-ovrig-industri\/standardprodukter\/","og_site_name":"Estiko Packaging Solutions","article_publisher":"https:\/\/www.facebook.com\/EstikoPlastar","article_modified_time":"2022-04-04T08:01:16+00:00","og_image":[{"width":2560,"height":1707,"url":"https:\/\/plastar.ee\/wp-content\/uploads\/2021\/12\/Standard-1-scaled.jpg","type":"image\/jpeg"}],"twitter_card":"summary_large_image","twitter_misc":{"Ber\u00e4knad l\u00e4stid":"1 minut"},"schema":{"@context":"https:\/\/schema.org","@graph":[{"@type":"WebPage","@id":"https:\/\/plastar.ee\/sv\/produkter\/for-ovrig-industri\/standardprodukter\/","url":"https:\/\/plastar.ee\/sv\/produkter\/for-ovrig-industri\/standardprodukter\/","name":"Lagervaror | Estiko Packaging Solutions","isPartOf":{"@id":"https:\/\/plastar.ee\/sv\/#website"},"primaryImageOfPage":{"@id":"https:\/\/plastar.ee\/sv\/produkter\/for-ovrig-industri\/standardprodukter\/#primaryimage"},"image":{"@id":"https:\/\/plastar.ee\/sv\/produkter\/for-ovrig-industri\/standardprodukter\/#primaryimage"},"thumbnailUrl":"https:\/\/plastar.ee\/wp-content\/uploads\/2021\/12\/Standard-1-scaled.jpg","datePublished":"2021-05-21T10:56:34+00:00","dateModified":"2022-04-04T08:01:16+00:00","description":"PE-filmer i olika format. P\u00e5sar. Det du beh\u00f6ver, n\u00e4r du beh\u00f6ver det.","breadcrumb":{"@id":"https:\/\/plastar.ee\/sv\/produkter\/for-ovrig-industri\/standardprodukter\/#breadcrumb"},"inLanguage":"sv-SE","potentialAction":[{"@type":"ReadAction","target":["https:\/\/plastar.ee\/sv\/produkter\/for-ovrig-industri\/standardprodukter\/"]}]},{"@type":"ImageObject","inLanguage":"sv-SE","@id":"https:\/\/plastar.ee\/sv\/produkter\/for-ovrig-industri\/standardprodukter\/#primaryimage","url":"https:\/\/plastar.ee\/wp-content\/uploads\/2021\/12\/Standard-1-scaled.jpg","contentUrl":"https:\/\/plastar.ee\/wp-content\/uploads\/2021\/12\/Standard-1-scaled.jpg","width":2560,"height":1707},{"@type":"BreadcrumbList","@id":"https:\/\/plastar.ee\/sv\/produkter\/for-ovrig-industri\/standardprodukter\/#breadcrumb","itemListElement":[{"@type":"ListItem","position":1,"name":"Produkter","item":"https:\/\/plastar.ee\/sv\/produkter\/?lang=sv"},{"@type":"ListItem","position":2,"name":"F\u00f6r \u00f6vrig industri","item":"https:\/\/plastar.ee\/sv\/produkter\/for-ovrig-industri\/?lang=sv"},{"@type":"ListItem","position":3,"name":"Lagervaror"}]},{"@type":"WebSite","@id":"https:\/\/plastar.ee\/sv\/#website","url":"https:\/\/plastar.ee\/sv\/","name":"Estiko Packaging Solutions","description":"Kindel partner pakendilahendustes","publisher":{"@id":"https:\/\/plastar.ee\/sv\/#organization"},"potentialAction":[{"@type":"SearchAction","target":{"@type":"EntryPoint","urlTemplate":"https:\/\/plastar.ee\/sv\/?s={search_term_string}"},"query-input":{"@type":"PropertyValueSpecification","valueRequired":true,"valueName":"search_term_string"}}],"inLanguage":"sv-SE"},{"@type":"Organization","@id":"https:\/\/plastar.ee\/sv\/#organization","name":"Estiko Packaging Solutions","url":"https:\/\/plastar.ee\/sv\/","logo":{"@type":"ImageObject","inLanguage":"sv-SE","@id":"https:\/\/plastar.ee\/sv\/#\/schema\/logo\/image\/","url":"https:\/\/plastar.ee\/wp-content\/uploads\/2023\/11\/Estiko-Plastar_logo_03.svg","contentUrl":"https:\/\/plastar.ee\/wp-content\/uploads\/2023\/11\/Estiko-Plastar_logo_03.svg","width":475,"height":165,"caption":"Estiko Packaging Solutions"},"image":{"@id":"https:\/\/plastar.ee\/sv\/#\/schema\/logo\/image\/"},"sameAs":["https:\/\/www.facebook.com\/EstikoPlastar","https:\/\/www.linkedin.com\/company\/estiko-plastar-as","https:\/\/www.youtube.com\/channel\/UCbI4N1FRv14oZqm-OYSsn3A","https:\/\/www.instagram.com\/estikopackaging\/"]}]}},"_links":{"self":[{"href":"https:\/\/plastar.ee\/sv\/wp-json\/wp\/v2\/pages\/2456","targetHints":{"allow":["GET"]}}],"collection":[{"href":"https:\/\/plastar.ee\/sv\/wp-json\/wp\/v2\/pages"}],"about":[{"href":"https:\/\/plastar.ee\/sv\/wp-json\/wp\/v2\/types\/page"}],"author":[{"embeddable":true,"href":"https:\/\/plastar.ee\/sv\/wp-json\/wp\/v2\/users\/3"}],"replies":[{"embeddable":true,"href":"https:\/\/plastar.ee\/sv\/wp-json\/wp\/v2\/comments?post=2456"}],"version-history":[{"count":2,"href":"https:\/\/plastar.ee\/sv\/wp-json\/wp\/v2\/pages\/2456\/revisions"}],"predecessor-version":[{"id":3964,"href":"https:\/\/plastar.ee\/sv\/wp-json\/wp\/v2\/pages\/2456\/revisions\/3964"}],"up":[{"embeddable":true,"href":"https:\/\/plastar.ee\/sv\/wp-json\/wp\/v2\/pages\/2453"}],"wp:featuredmedia":[{"embeddable":true,"href":"https:\/\/plastar.ee\/sv\/wp-json\/wp\/v2\/media\/2061"}],"wp:attachment":[{"href":"https:\/\/plastar.ee\/sv\/wp-json\/wp\/v2\/media?parent=2456"}],"curies":[{"name":"wp","href":"https:\/\/api.w.org\/{rel}","templated":true}]}}